{"id":4792,"date":"2024-08-21T16:22:19","date_gmt":"2024-08-21T14:22:19","guid":{"rendered":"https:\/\/waldorfcampus-hn.de\/?page_id=4792"},"modified":"2024-08-21T16:33:23","modified_gmt":"2024-08-21T14:33:23","slug":"beschwerdestelle","status":"publish","type":"page","link":"https:\/\/waldorfcampus-hn.de\/einfach\/beschwerdestelle\/","title":{"rendered":"Beschwerdestelle"},"content":{"rendered":"<p><div id=\"top\" class=\"fusion-container-anchor\"><div class=\"fusion-bg-parallax\" data-bg-align=\"center center\" data-direction=\"up\" data-mute=\"false\" data-opacity=\"100\" data-velocity=\"-0.1\" data-mobile-enabled=\"false\" data-break_parents=\"0\" data-bg-image=\"https:\/\/waldorfcampus-hn.de\/wp-content\/uploads\/2023\/08\/waldorfcampus-team-banner-D-1.jpg\" data-bg-repeat=\"false\" ><\/div><div class=\"fusion-fullwidth fullwidth-box fusion-builder-row-1 fusion-flex-container has-pattern-background has-mask-background fusion-parallax-up hundred-percent-fullwidth non-hundred-percent-height-scrolling fusion-animated home-no\" style=\"--awb-border-radius-top-left:0px;--awb-border-radius-top-right:0px;--awb-border-radius-bottom-right:0px;--awb-border-radius-bottom-left:0px;--awb-min-height:600px;--awb-background-image:url(&quot;https:\/\/waldorfcampus-hn.de\/wp-content\/uploads\/2023\/08\/waldorfcampus-team-banner-D-1.jpg&quot;);--awb-background-size:cover;--awb-flex-wrap:wrap;\" data-animationtype=\"fadeIn\" data-animationduration=\"0.5\" data-animationoffset=\"top-into-view\" ><div class=\"fusion-builder-row fusion-row fusion-flex-align-items-center fusion-flex-align-content-center fusion-flex-justify-content-center fusion-flex-content-wrap\" style=\"width:104% !important;max-width:104% !important;margin-left: calc(-4% \/ 2 );margin-right: calc(-4% \/ 2 );\"><div class=\"fusion-layout-column fusion_builder_column fusion-builder-column-0 fusion_builder_column_1_1 1_1 fusion-flex-column fusion-flex-align-self-center\" style=\"--awb-z-index:5;--awb-padding-top:0px;--awb-padding-right:6vw;--awb-padding-bottom:0px;--awb-padding-left:6vw;--awb-bg-size:cover;--awb-width-large:100%;--awb-margin-top-large:0px;--awb-spacing-right-large:1.92%;--awb-margin-bottom-large:0px;--awb-spacing-left-large:1.92%;--awb-width-medium:100%;--awb-order-medium:0;--awb-spacing-right-medium:1.92%;--awb-spacing-left-medium:1.92%;--awb-width-small:100%;--awb-order-small:0;--awb-spacing-right-small:1.92%;--awb-spacing-left-small:1.92%;\"><div class=\"fusion-column-wrapper fusion-column-has-shadow fusion-flex-justify-content-flex-start fusion-content-layout-column\"><div class=\"fusion-title title fusion-title-1 fusion-sep-none fusion-title-center fusion-title-text fusion-title-size-three\" style=\"--awb-text-color:var(--awb-color6);\"><h3 class=\"fusion-title-heading title-heading-center md-text-align-left fusion-responsive-typography-calculated\" style=\"margin:0;--fontSize:65;line-height:var(--awb-typography1-line-height);\">BESCHWERDESTELLE DER LANDESARBEITSGEMEINSCHAFT DER FREIEN WALDORFSCHULEN<\/h3><\/div><\/div><\/div><\/div><\/div><\/div><div class=\"fusion-fullwidth fullwidth-box fusion-builder-row-2 fusion-flex-container has-pattern-background has-mask-background nonhundred-percent-fullwidth non-hundred-percent-height-scrolling\" style=\"--awb-border-radius-top-left:0px;--awb-border-radius-top-right:0px;--awb-border-radius-bottom-right:0px;--awb-border-radius-bottom-left:0px;--awb-flex-wrap:wrap;\" ><div class=\"fusion-builder-row fusion-row fusion-flex-align-items-flex-start fusion-flex-content-wrap\" style=\"max-width:1248px;margin-left: calc(-4% \/ 2 );margin-right: calc(-4% \/ 2 );\"><div class=\"fusion-layout-column fusion_builder_column fusion-builder-column-1 fusion_builder_column_1_1 1_1 fusion-flex-column\" style=\"--awb-bg-size:cover;--awb-width-large:100%;--awb-margin-top-large:0px;--awb-spacing-right-large:1.92%;--awb-margin-bottom-large:20px;--awb-spacing-left-large:1.92%;--awb-width-medium:100%;--awb-order-medium:0;--awb-spacing-right-medium:1.92%;--awb-spacing-left-medium:1.92%;--awb-width-small:100%;--awb-order-small:0;--awb-spacing-right-small:1.92%;--awb-spacing-left-small:1.92%;\"><div class=\"fusion-column-wrapper fusion-column-has-shadow fusion-flex-justify-content-flex-start fusion-content-layout-column\"><div class=\"fusion-separator fusion-full-width-sep\" style=\"align-self: center;margin-left: auto;margin-right: auto;margin-top:40px;margin-bottom:40px;width:100%;\"><\/div><\/div><\/div><\/div><\/div><div class=\"fusion-fullwidth fullwidth-box fusion-builder-row-3 fusion-flex-container has-pattern-background has-mask-background nonhundred-percent-fullwidth non-hundred-percent-height-scrolling\" style=\"--awb-border-radius-top-left:0px;--awb-border-radius-top-right:0px;--awb-border-radius-bottom-right:0px;--awb-border-radius-bottom-left:0px;--awb-flex-wrap:wrap;\" ><div class=\"fusion-builder-row fusion-row fusion-flex-align-items-flex-start fusion-flex-justify-content-flex-end fusion-flex-content-wrap\" style=\"max-width:1248px;margin-left: calc(-4% \/ 2 );margin-right: calc(-4% \/ 2 );\"><div class=\"fusion-layout-column fusion_builder_column fusion-builder-column-2 fusion_builder_column_1_1 1_1 fusion-flex-column fusion-flex-align-self-center\" style=\"--awb-z-index:5;--awb-padding-top:30px;--awb-padding-right:30px;--awb-padding-bottom:30px;--awb-padding-left:30px;--awb-padding-right-small:0px;--awb-padding-left-small:0px;--awb-bg-size:cover;--awb-width-large:100%;--awb-margin-top-large:0px;--awb-spacing-right-large:0px;--awb-margin-bottom-large:20px;--awb-spacing-left-large:0px;--awb-width-medium:100%;--awb-order-medium:0;--awb-spacing-right-medium:0px;--awb-spacing-left-medium:0px;--awb-width-small:100%;--awb-order-small:0;--awb-spacing-right-small:0px;--awb-spacing-left-small:0px;\"><div class=\"fusion-column-wrapper fusion-column-has-shadow fusion-flex-justify-content-flex-start fusion-content-layout-column\"><div class=\"fusion-text fusion-text-1\"><p>Wenn es an der Schule oder im Verein ein Problem oder einen Streit gibt, versuchen wir zuerst, gemeinsam eine L\u00f6sung zu finden.<\/p>\n<p><a href=\"https:\/\/waldorf-bw.de\/beschwerdestelle\/\"><em>Manchmal gelingt das nicht, dann finden den Kontakt zur Beschwerdestelle hier.<\/em><\/a><\/p>\n<\/div><div class=\"fusion-separator fusion-full-width-sep\" style=\"align-self: center;margin-left: auto;margin-right: auto;margin-top:10px;margin-bottom:10px;width:100%;\"><\/div><div class=\"fusion-text fusion-text-2\"><p>Bevor Sie sich an die Beschwerdestelle der Landesarbeitsgemeinschaft (LAG) wenden, empfehlen wir:\nSprechen Sie zuerst mit der Person, mit der es das Problem gibt.\nAuch die Leitung der Kita, die Schulf\u00fchrung, der Vorstand oder die Gesch\u00e4ftsf\u00fchrung k\u00f6nnen helfen.\nSprechen Sie uns gerne an.<\/p>\n<p>E-Mail: <a href=\"mailto:vorstand@waldorfcampus-hn.de\">vorstand@waldorfcampus-hn.de<\/a><\/p>\n<\/div><\/div><\/div><\/div><\/div><div class=\"fusion-fullwidth fullwidth-box fusion-builder-row-4 fusion-flex-container has-pattern-background has-mask-background nonhundred-percent-fullwidth non-hundred-percent-height-scrolling\" style=\"--awb-border-radius-top-left:0px;--awb-border-radius-top-right:0px;--awb-border-radius-bottom-right:0px;--awb-border-radius-bottom-left:0px;--awb-flex-wrap:wrap;\" ><div class=\"fusion-builder-row fusion-row fusion-flex-align-items-flex-start fusion-flex-content-wrap\" style=\"max-width:1248px;margin-left: calc(-4% \/ 2 );margin-right: calc(-4% \/ 2 );\"><div class=\"fusion-layout-column fusion_builder_column fusion-builder-column-3 fusion_builder_column_1_1 1_1 fusion-flex-column\" style=\"--awb-bg-size:cover;--awb-width-large:100%;--awb-margin-top-large:0px;--awb-spacing-right-large:1.92%;--awb-margin-bottom-large:20px;--awb-spacing-left-large:1.92%;--awb-width-medium:100%;--awb-order-medium:0;--awb-spacing-right-medium:1.92%;--awb-spacing-left-medium:1.92%;--awb-width-small:100%;--awb-order-small:0;--awb-spacing-right-small:1.92%;--awb-spacing-left-small:1.92%;\"><div class=\"fusion-column-wrapper fusion-column-has-shadow fusion-flex-justify-content-flex-start fusion-content-layout-column\"><div class=\"fusion-separator fusion-full-width-sep\" style=\"align-self: center;margin-left: auto;margin-right: auto;margin-top:70px;margin-bottom:70px;width:100%;\"><\/div><\/div><\/div><\/div><\/div><\/p>","protected":false},"excerpt":{"rendered":"","protected":false},"author":1,"featured_media":0,"parent":0,"menu_order":0,"comment_status":"closed","ping_status":"closed","template":"100-width.php","meta":{"inline_featured_image":false,"footnotes":""},"class_list":["post-4792","page","type-page","status-publish","hentry"],"yoast_head":"<!-- This site is optimized with the Yoast SEO plugin v26.8 - https:\/\/yoast.com\/product\/yoast-seo-wordpress\/ -->\n<title>Beschwerdestelle - Waldorfcampus - Heilbronn<\/title>\n<meta name=\"description\" content=\"Informationen \u00fcber die Beschwerdestelle der Landesarbeitsgemeinschaft der Freien Waldorfschulen finden Sie auf dieser Seite. Waldorfcampus - Heilbronn\" \/>\n<meta name=\"robots\" content=\"index, follow, max-snippet:-1, max-image-preview:large, max-video-preview:-1\" \/>\n<link rel=\"canonical\" href=\"https:\/\/waldorfcampus-hn.de\/einfach\/beschwerdestelle\/\" \/>\n<meta property=\"og:locale\" content=\"de_DE\" \/>\n<meta property=\"og:type\" content=\"article\" \/>\n<meta property=\"og:title\" content=\"Beschwerdestelle - Waldorfcampus - Heilbronn\" \/>\n<meta property=\"og:description\" content=\"Informationen \u00fcber die Beschwerdestelle der Landesarbeitsgemeinschaft der Freien Waldorfschulen finden Sie auf dieser Seite. Waldorfcampus - Heilbronn\" \/>\n<meta property=\"og:url\" content=\"https:\/\/waldorfcampus-hn.de\/einfach\/beschwerdestelle\/\" \/>\n<meta property=\"og:site_name\" content=\"Waldorfcampus - Heilbronn\" \/>\n<meta property=\"article:modified_time\" content=\"2024-08-21T14:33:23+00:00\" \/>\n<meta name=\"twitter:card\" content=\"summary_large_image\" \/>\n<meta name=\"twitter:label1\" content=\"Gesch\u00e4tzte Lesezeit\" \/>\n\t<meta name=\"twitter:data1\" content=\"9\u00a0Minuten\" \/>\n<script type=\"application\/ld+json\" class=\"yoast-schema-graph\">{\"@context\":\"https:\/\/schema.org\",\"@graph\":[{\"@type\":\"WebPage\",\"@id\":\"https:\/\/waldorfcampus-hn.de\/beschwerdestelle\/\",\"url\":\"https:\/\/waldorfcampus-hn.de\/beschwerdestelle\/\",\"name\":\"Beschwerdestelle - Waldorfcampus - Heilbronn\",\"isPartOf\":{\"@id\":\"https:\/\/waldorfcampus-hn.de\/#website\"},\"datePublished\":\"2024-08-21T14:22:19+00:00\",\"dateModified\":\"2024-08-21T14:33:23+00:00\",\"description\":\"Informationen \u00fcber die Beschwerdestelle der Landesarbeitsgemeinschaft der Freien Waldorfschulen finden Sie auf dieser Seite. Waldorfcampus - Heilbronn\",\"breadcrumb\":{\"@id\":\"https:\/\/waldorfcampus-hn.de\/beschwerdestelle\/#breadcrumb\"},\"inLanguage\":\"de\",\"potentialAction\":[{\"@type\":\"ReadAction\",\"target\":[\"https:\/\/waldorfcampus-hn.de\/beschwerdestelle\/\"]}]},{\"@type\":\"BreadcrumbList\",\"@id\":\"https:\/\/waldorfcampus-hn.de\/beschwerdestelle\/#breadcrumb\",\"itemListElement\":[{\"@type\":\"ListItem\",\"position\":1,\"name\":\"Startseite\",\"item\":\"https:\/\/waldorfcampus-hn.de\/\"},{\"@type\":\"ListItem\",\"position\":2,\"name\":\"Beschwerdestelle\"}]},{\"@type\":\"WebSite\",\"@id\":\"https:\/\/waldorfcampus-hn.de\/#website\",\"url\":\"https:\/\/waldorfcampus-hn.de\/\",\"name\":\"Waldorfcampus - Heilbronn\",\"description\":\"Kindertagesst\u00e4tten in Heilbronn &amp; Lauffen | Freie Waldorfschule Heilbronn mit staatlich anerkanntem Realschulabschlu\u00df und Abitur\",\"potentialAction\":[{\"@type\":\"SearchAction\",\"target\":{\"@type\":\"EntryPoint\",\"urlTemplate\":\"https:\/\/waldorfcampus-hn.de\/?s={search_term_string}\"},\"query-input\":{\"@type\":\"PropertyValueSpecification\",\"valueRequired\":true,\"valueName\":\"search_term_string\"}}],\"inLanguage\":\"de\"}]}<\/script>\n<!-- \/ Yoast SEO plugin. -->","yoast_head_json":{"title":"Beschwerdestelle - Waldorfcampus - Heilbronn","description":"Informationen \u00fcber die Beschwerdestelle der Landesarbeitsgemeinschaft der Freien Waldorfschulen finden Sie auf dieser Seite. Waldorfcampus - Heilbronn","robots":{"index":"index","follow":"follow","max-snippet":"max-snippet:-1","max-image-preview":"max-image-preview:large","max-video-preview":"max-video-preview:-1"},"canonical":"https:\/\/waldorfcampus-hn.de\/einfach\/beschwerdestelle\/","og_locale":"de_DE","og_type":"article","og_title":"Beschwerdestelle - Waldorfcampus - Heilbronn","og_description":"Informationen \u00fcber die Beschwerdestelle der Landesarbeitsgemeinschaft der Freien Waldorfschulen finden Sie auf dieser Seite. Waldorfcampus - Heilbronn","og_url":"https:\/\/waldorfcampus-hn.de\/einfach\/beschwerdestelle\/","og_site_name":"Waldorfcampus - Heilbronn","article_modified_time":"2024-08-21T14:33:23+00:00","twitter_card":"summary_large_image","twitter_misc":{"Gesch\u00e4tzte Lesezeit":"9\u00a0Minuten"},"schema":{"@context":"https:\/\/schema.org","@graph":[{"@type":"WebPage","@id":"https:\/\/waldorfcampus-hn.de\/beschwerdestelle\/","url":"https:\/\/waldorfcampus-hn.de\/beschwerdestelle\/","name":"Beschwerdestelle - Waldorfcampus - Heilbronn","isPartOf":{"@id":"https:\/\/waldorfcampus-hn.de\/#website"},"datePublished":"2024-08-21T14:22:19+00:00","dateModified":"2024-08-21T14:33:23+00:00","description":"Informationen \u00fcber die Beschwerdestelle der Landesarbeitsgemeinschaft der Freien Waldorfschulen finden Sie auf dieser Seite. Waldorfcampus - Heilbronn","breadcrumb":{"@id":"https:\/\/waldorfcampus-hn.de\/beschwerdestelle\/#breadcrumb"},"inLanguage":"de","potentialAction":[{"@type":"ReadAction","target":["https:\/\/waldorfcampus-hn.de\/beschwerdestelle\/"]}]},{"@type":"BreadcrumbList","@id":"https:\/\/waldorfcampus-hn.de\/beschwerdestelle\/#breadcrumb","itemListElement":[{"@type":"ListItem","position":1,"name":"Startseite","item":"https:\/\/waldorfcampus-hn.de\/"},{"@type":"ListItem","position":2,"name":"Beschwerdestelle"}]},{"@type":"WebSite","@id":"https:\/\/waldorfcampus-hn.de\/#website","url":"https:\/\/waldorfcampus-hn.de\/","name":"Waldorfcampus - Heilbronn","description":"Kindertagesst\u00e4tten in Heilbronn &amp; Lauffen | Freie Waldorfschule Heilbronn mit staatlich anerkanntem Realschulabschlu\u00df und Abitur","potentialAction":[{"@type":"SearchAction","target":{"@type":"EntryPoint","urlTemplate":"https:\/\/waldorfcampus-hn.de\/?s={search_term_string}"},"query-input":{"@type":"PropertyValueSpecification","valueRequired":true,"valueName":"search_term_string"}}],"inLanguage":"de"}]}},"_links":{"self":[{"href":"https:\/\/waldorfcampus-hn.de\/einfach\/wp-json\/wp\/v2\/pages\/4792","targetHints":{"allow":["GET"]}}],"collection":[{"href":"https:\/\/waldorfcampus-hn.de\/einfach\/wp-json\/wp\/v2\/pages"}],"about":[{"href":"https:\/\/waldorfcampus-hn.de\/einfach\/wp-json\/wp\/v2\/types\/page"}],"author":[{"embeddable":true,"href":"https:\/\/waldorfcampus-hn.de\/einfach\/wp-json\/wp\/v2\/users\/1"}],"replies":[{"embeddable":true,"href":"https:\/\/waldorfcampus-hn.de\/einfach\/wp-json\/wp\/v2\/comments?post=4792"}],"version-history":[{"count":6,"href":"https:\/\/waldorfcampus-hn.de\/einfach\/wp-json\/wp\/v2\/pages\/4792\/revisions"}],"predecessor-version":[{"id":4800,"href":"https:\/\/waldorfcampus-hn.de\/einfach\/wp-json\/wp\/v2\/pages\/4792\/revisions\/4800"}],"wp:attachment":[{"href":"https:\/\/waldorfcampus-hn.de\/einfach\/wp-json\/wp\/v2\/media?parent=4792"}],"curies":[{"name":"wp","href":"https:\/\/api.w.org\/{rel}","templated":true}]}}