{"id":5246,"date":"2025-04-12T14:27:45","date_gmt":"2025-04-12T12:27:45","guid":{"rendered":"https:\/\/waldorfcampus-hn.de\/?page_id=5246"},"modified":"2025-06-29T15:31:15","modified_gmt":"2025-06-29T13:31:15","slug":"barrierefreimenu","status":"publish","type":"page","link":"https:\/\/waldorfcampus-hn.de\/einfach\/barrierefreimenu\/","title":{"rendered":"barrierefreimen\u00fc"},"content":{"rendered":"<div data-elementor-type=\"wp-page\" data-elementor-id=\"5246\" class=\"elementor elementor-5246\">\n\t\t\t\t<div class=\"elementor-element elementor-element-7ac34cf e-flex e-con-boxed e-con e-parent\" data-id=\"7ac34cf\" data-element_type=\"container\" data-settings=\"{&quot;background_background&quot;:&quot;classic&quot;}\">\n\t\t\t\t\t<div class=\"e-con-inner\">\n\t\t<div class=\"elementor-element elementor-element-44a5424 e-con-full e-flex e-con e-child\" data-id=\"44a5424\" data-element_type=\"container\">\n\t\t\t\t<div class=\"elementor-element elementor-element-91c8fdc elementor-widget elementor-widget-menu-anchor\" data-id=\"91c8fdc\" data-element_type=\"widget\" data-widget_type=\"menu-anchor.default\">\n\t\t\t\t<div class=\"elementor-widget-container\">\n\t\t\t\t\t\t\t<div class=\"elementor-menu-anchor\" id=\"Anfang\"><\/div>\n\t\t\t\t\t\t<\/div>\n\t\t\t\t<\/div>\n\t\t\t\t<div class=\"elementor-element elementor-element-3e61d60 elementor-widget elementor-widget-image\" data-id=\"3e61d60\" data-element_type=\"widget\" data-widget_type=\"image.default\">\n\t\t\t\t<div class=\"elementor-widget-container\">\n\t\t\t\t\t\t\t\t\t\t\t\t\t\t\t\t<a href=\"https:\/\/waldorfcampus-hn.de\/einfach\/\">\n\t\t\t\t\t\t\t<img fetchpriority=\"high\" decoding=\"async\" width=\"1024\" height=\"1024\" src=\"https:\/\/waldorfcampus-hn.de\/wp-content\/uploads\/2023\/03\/waldorfcampus-heilbronn-logo-black.svg\" class=\"attachment-large size-large wp-image-958\" alt=\"\" \/>\t\t\t\t\t\t\t\t<\/a>\n\t\t\t\t\t\t\t\t\t\t\t\t\t\t\t<\/div>\n\t\t\t\t<\/div>\n\t\t\t\t<div class=\"elementor-element elementor-element-9769414 elementor-widget elementor-widget-spacer\" data-id=\"9769414\" data-element_type=\"widget\" data-widget_type=\"spacer.default\">\n\t\t\t\t<div class=\"elementor-widget-container\">\n\t\t\t\t\t\t\t<div class=\"elementor-spacer\">\n\t\t\t<div class=\"elementor-spacer-inner\"><\/div>\n\t\t<\/div>\n\t\t\t\t\t\t<\/div>\n\t\t\t\t<\/div>\n\t\t\t\t<div class=\"elementor-element elementor-element-e5191af elementor-widget elementor-widget-text-editor\" data-id=\"e5191af\" data-element_type=\"widget\" data-widget_type=\"text-editor.default\">\n\t\t\t\t<div class=\"elementor-widget-container\">\n\t\t\t\t\t\t\t\t\t<p style=\"text-align: center;\"><strong>Wenn Sie Unterst\u00fctzung beim Lesen oder Navigieren dieser Webseite ben\u00f6tigen, z\u00f6gern Sie bitte nicht, uns zu kontaktieren.<\/strong><\/p><p style=\"text-align: center;\"><strong>Sie k\u00f6nnen uns jederzeit per E-Mail unter <a href=\"mailto:post@waldorfcampus-hn.de\">post@waldorfcampus-hn.de<\/a>\u00a0erreichen. Wir helfen Ihnen gerne weiter!<\/strong><\/p>\t\t\t\t\t\t\t\t<\/div>\n\t\t\t\t<\/div>\n\t\t\t\t<div class=\"elementor-element elementor-element-caf34a1 elementor-widget elementor-widget-spacer\" data-id=\"caf34a1\" data-element_type=\"widget\" data-widget_type=\"spacer.default\">\n\t\t\t\t<div class=\"elementor-widget-container\">\n\t\t\t\t\t\t\t<div class=\"elementor-spacer\">\n\t\t\t<div class=\"elementor-spacer-inner\"><\/div>\n\t\t<\/div>\n\t\t\t\t\t\t<\/div>\n\t\t\t\t<\/div>\n\t\t<div class=\"elementor-element elementor-element-5e8af55 e-grid e-con-full e-con e-child\" data-id=\"5e8af55\" data-element_type=\"container\" data-settings=\"{&quot;background_background&quot;:&quot;classic&quot;}\">\n\t\t\t\t<div class=\"elementor-element elementor-element-a71882a elementor-widget elementor-widget-text-editor\" data-id=\"a71882a\" data-element_type=\"widget\" data-widget_type=\"text-editor.default\">\n\t\t\t\t<div class=\"elementor-widget-container\">\n\t\t\t\t\t\t\t\t\t<h4 style=\"text-align: center;\"><a href=\"https:\/\/waldorfcampus-hn.de\/einfach\/aktuelles-barrierefrei\/\">Aktuelles<\/a><\/h4>\t\t\t\t\t\t\t\t<\/div>\n\t\t\t\t<\/div>\n\t\t\t\t<div class=\"elementor-element elementor-element-fb814f3 elementor-widget elementor-widget-text-editor\" data-id=\"fb814f3\" data-element_type=\"widget\" data-widget_type=\"text-editor.default\">\n\t\t\t\t<div class=\"elementor-widget-container\">\n\t\t\t\t\t\t\t\t\t<h4 style=\"text-align: center;\"><a href=\"https:\/\/waldorfcampus-hn.de\/einfach\/kontakt-barrierefrei\/\">Kontakt<\/a><\/h4>\t\t\t\t\t\t\t\t<\/div>\n\t\t\t\t<\/div>\n\t\t\t\t<div class=\"elementor-element elementor-element-0eccc88 elementor-widget elementor-widget-text-editor\" data-id=\"0eccc88\" data-element_type=\"widget\" data-widget_type=\"text-editor.default\">\n\t\t\t\t<div class=\"elementor-widget-container\">\n\t\t\t\t\t\t\t\t\t<h4 style=\"text-align: center;\"><a href=\"https:\/\/waldorfcampus-hn.de\/einfach\/jobs-barrierefrei\/\">Jobs<\/a><\/h4>\t\t\t\t\t\t\t\t<\/div>\n\t\t\t\t<\/div>\n\t\t\t\t<\/div>\n\t\t\t\t<div class=\"elementor-element elementor-element-026823c elementor-widget elementor-widget-image\" data-id=\"026823c\" data-element_type=\"widget\" data-widget_type=\"image.default\">\n\t\t\t\t<div class=\"elementor-widget-container\">\n\t\t\t\t\t\t\t\t\t\t\t\t\t\t\t<img decoding=\"async\" width=\"1024\" height=\"1024\" src=\"https:\/\/waldorfcampus-hn.de\/wp-content\/uploads\/2023\/03\/waldorfcampus-orga-kita-trennlinie-2.svg\" class=\"attachment-large size-large wp-image-2054\" alt=\"\" \/>\t\t\t\t\t\t\t\t\t\t\t\t\t\t\t<\/div>\n\t\t\t\t<\/div>\n\t\t<div class=\"elementor-element elementor-element-0a305c2 e-grid e-con-full e-con e-child\" data-id=\"0a305c2\" data-element_type=\"container\">\n\t\t<div class=\"elementor-element elementor-element-06c1c44 e-grid e-con-full e-con e-child\" data-id=\"06c1c44\" data-element_type=\"container\">\n\t\t\t\t<div class=\"elementor-element elementor-element-344d92f elementor-widget elementor-widget-text-editor\" data-id=\"344d92f\" data-element_type=\"widget\" data-widget_type=\"text-editor.default\">\n\t\t\t\t<div class=\"elementor-widget-container\">\n\t\t\t\t\t\t\t\t\t<h4 style=\"text-align: center;\"><a href=\"https:\/\/waldorfcampus-hn.de\/einfach\/anmeldung-kita-barrierefrei\/\">Anmeldung Kita<\/a><\/h4>\t\t\t\t\t\t\t\t<\/div>\n\t\t\t\t<\/div>\n\t\t\t\t<div class=\"elementor-element elementor-element-55fcc9a elementor-widget elementor-widget-text-editor\" data-id=\"55fcc9a\" data-element_type=\"widget\" data-widget_type=\"text-editor.default\">\n\t\t\t\t<div class=\"elementor-widget-container\">\n\t\t\t\t\t\t\t\t\t<p style=\"text-align: center;\"><strong><a href=\"https:\/\/waldorfcampus-hn.de\/einfach\/waldorfpaedagogikbarrierefrei\/\">Waldorfp\u00e4dagogik von 0 bis 19 Jahren<\/a><\/strong><\/p><p style=\"text-align: center;\"><strong><a href=\"https:\/\/waldorfcampus-hn.de\/einfach\/organisatorisches-kindergarten-barrierefrei\/\">Informationen Kindertagesst\u00e4tten<\/a><\/strong><\/p><p style=\"text-align: center;\"><strong><a href=\"https:\/\/waldorfcampus-hn.de\/einfach\/unsere-erzieherinnen-barrierefrei\/\">Unser Kita-Team<\/a><\/strong><\/p>\t\t\t\t\t\t\t\t<\/div>\n\t\t\t\t<\/div>\n\t\t\t\t<\/div>\n\t\t<div class=\"elementor-element elementor-element-2ab856a e-grid e-con-full e-con e-child\" data-id=\"2ab856a\" data-element_type=\"container\">\n\t\t\t\t<div class=\"elementor-element elementor-element-10b61e2 elementor-widget elementor-widget-text-editor\" data-id=\"10b61e2\" data-element_type=\"widget\" data-widget_type=\"text-editor.default\">\n\t\t\t\t<div class=\"elementor-widget-container\">\n\t\t\t\t\t\t\t\t\t<h4 style=\"text-align: center;\"><a href=\"https:\/\/waldorfcampus-hn.de\/einfach\/anmeldung-schule-barrierefrei\/\">Anmeldung Schule<\/a><\/h4>\t\t\t\t\t\t\t\t<\/div>\n\t\t\t\t<\/div>\n\t\t\t\t<div class=\"elementor-element elementor-element-c2c7ad0 elementor-widget elementor-widget-text-editor\" data-id=\"c2c7ad0\" data-element_type=\"widget\" data-widget_type=\"text-editor.default\">\n\t\t\t\t<div class=\"elementor-widget-container\">\n\t\t\t\t\t\t\t\t\t<p style=\"text-align: center;\"><strong><a href=\"https:\/\/waldorfcampus-hn.de\/einfach\/waldorfpaedagogikbarrierefrei\/\">Waldorfp\u00e4dagogik von 0 bis 19 Jahren<\/a><\/strong><\/p><p style=\"text-align: center;\"><strong><a href=\"https:\/\/waldorfcampus-hn.de\/einfach\/organisatorisches-waldorfschule-barrierefrei\/\">Informationen Waldorfschule<\/a><\/strong><\/p><p style=\"text-align: center;\"><strong><a href=\"https:\/\/waldorfcampus-hn.de\/einfach\/unsere-lehrerinnen-barrierefrei\/\">Unsere Lehrkr\u00e4fte<\/a><\/strong><\/p>\t\t\t\t\t\t\t\t<\/div>\n\t\t\t\t<\/div>\n\t\t\t\t<\/div>\n\t\t\t\t<\/div>\n\t\t\t\t<div class=\"elementor-element elementor-element-b6dddaf elementor-widget elementor-widget-image\" data-id=\"b6dddaf\" data-element_type=\"widget\" data-widget_type=\"image.default\">\n\t\t\t\t<div class=\"elementor-widget-container\">\n\t\t\t\t\t\t\t\t\t\t\t\t\t\t\t<img decoding=\"async\" width=\"1024\" height=\"1024\" src=\"https:\/\/waldorfcampus-hn.de\/wp-content\/uploads\/2023\/03\/waldorfcampus-orga-kita-trennlinie-2.svg\" class=\"attachment-large size-large wp-image-2054\" alt=\"\" \/>\t\t\t\t\t\t\t\t\t\t\t\t\t\t\t<\/div>\n\t\t\t\t<\/div>\n\t\t<div class=\"elementor-element elementor-element-6f8c07c e-grid e-con-full e-con e-child\" data-id=\"6f8c07c\" data-element_type=\"container\">\n\t\t\t\t<div class=\"elementor-element elementor-element-7c03134 elementor-widget elementor-widget-text-editor\" data-id=\"7c03134\" data-element_type=\"widget\" data-widget_type=\"text-editor.default\">\n\t\t\t\t<div class=\"elementor-widget-container\">\n\t\t\t\t\t\t\t\t\t<h4 style=\"text-align: center;\"><a href=\"https:\/\/waldorfcampus-hn.de\/einfach\/unser-team-barrierefrei\/\">Unser <br \/>Verwaltungs-Team<\/a><\/h4>\t\t\t\t\t\t\t\t<\/div>\n\t\t\t\t<\/div>\n\t\t\t\t<div class=\"elementor-element elementor-element-a2a2ca0 elementor-widget elementor-widget-text-editor\" data-id=\"a2a2ca0\" data-element_type=\"widget\" data-widget_type=\"text-editor.default\">\n\t\t\t\t<div class=\"elementor-widget-container\">\n\t\t\t\t\t\t\t\t\t<h4 style=\"text-align: center;\"><a href=\"https:\/\/waldorfcampus-hn.de\/einfach\/struktur-geschichte-barrierefrei\/\">Struktur und Geschichte<\/a><\/h4>\t\t\t\t\t\t\t\t<\/div>\n\t\t\t\t<\/div>\n\t\t\t\t<\/div>\n\t\t\t\t<\/div>\n\t\t<div class=\"elementor-element elementor-element-acace22 e-grid e-con-full e-con e-child\" data-id=\"acace22\" data-element_type=\"container\" data-settings=\"{&quot;background_background&quot;:&quot;classic&quot;}\">\n\t\t\t\t<div class=\"elementor-element elementor-element-639d690 elementor-widget elementor-widget-text-editor\" data-id=\"639d690\" data-element_type=\"widget\" data-widget_type=\"text-editor.default\">\n\t\t\t\t<div class=\"elementor-widget-container\">\n\t\t\t\t\t\t\t\t\t<p style=\"text-align: center;\"><span style=\"text-decoration: underline;\"><strong><a href=\"https:\/\/waldorfcampus-hn.de\/einfach\/impressum-barrierefrei\/\">IMPRESSUM<\/a> <a href=\"https:\/\/waldorfcampus-hn.de\/einfach\/datenschutz-barrierefrei\/\">DATENSCHUTZ<\/a> <a href=\"https:\/\/waldorfcampus-hn.de\/einfach\/beschwerdestelle-barrierefrei\/\">BESCHWERDESTELLE<\/a><\/strong><\/span><\/p>\t\t\t\t\t\t\t\t<\/div>\n\t\t\t\t<\/div>\n\t\t\t\t<\/div>\n\t\t\t\t<div class=\"elementor-element elementor-element-4fe79e1 elementor-align-right elementor-fixed elementor-widget elementor-widget-button\" data-id=\"4fe79e1\" data-element_type=\"widget\" data-settings=\"{&quot;_position&quot;:&quot;fixed&quot;}\" data-widget_type=\"button.default\">\n\t\t\t\t<div class=\"elementor-widget-container\">\n\t\t\t\t\t\t\t\t\t<div class=\"elementor-button-wrapper\">\n\t\t\t\t\t<a class=\"elementor-button elementor-button-link elementor-size-sm\" href=\"#Anfang\">\n\t\t\t\t\t\t<span class=\"elementor-button-content-wrapper\">\n\t\t\t\t\t\t\t\t\t<span class=\"elementor-button-text\">Zur\u00fcck zum Anfang<\/span>\n\t\t\t\t\t<\/span>\n\t\t\t\t\t<\/a>\n\t\t\t\t<\/div>\n\t\t\t\t\t\t\t\t<\/div>\n\t\t\t\t<\/div>\n\t\t\t\t\t<\/div>\n\t\t\t\t<\/div>\n\t\t\t\t<\/div>","protected":false},"excerpt":{"rendered":"<p>Wenn Sie Unterst\u00fctzung beim Lesen oder Navigieren dieser Webseite ben\u00f6tigen,  [&#8230;]<\/p>","protected":false},"author":1,"featured_media":0,"parent":0,"menu_order":0,"comment_status":"closed","ping_status":"closed","template":"elementor_canvas","meta":{"inline_featured_image":false,"footnotes":""},"class_list":["post-5246","page","type-page","status-publish","hentry"],"yoast_head":"<!-- This site is optimized with the Yoast SEO plugin v26.8 - https:\/\/yoast.com\/product\/yoast-seo-wordpress\/ -->\n<title>barrierefreimen\u00fc - Waldorfcampus - Heilbronn<\/title>\n<meta name=\"robots\" content=\"index, follow, max-snippet:-1, max-image-preview:large, max-video-preview:-1\" \/>\n<link rel=\"canonical\" href=\"https:\/\/waldorfcampus-hn.de\/einfach\/barrierefreimenu\/\" \/>\n<meta property=\"og:locale\" content=\"de_DE\" \/>\n<meta property=\"og:type\" content=\"article\" \/>\n<meta property=\"og:title\" content=\"barrierefreimen\u00fc - Waldorfcampus - Heilbronn\" \/>\n<meta property=\"og:description\" content=\"Wenn Sie Unterst\u00fctzung beim Lesen oder Navigieren dieser Webseite ben\u00f6tigen, [...]\" \/>\n<meta property=\"og:url\" content=\"https:\/\/waldorfcampus-hn.de\/einfach\/barrierefreimenu\/\" \/>\n<meta property=\"og:site_name\" content=\"Waldorfcampus - Heilbronn\" \/>\n<meta property=\"article:modified_time\" content=\"2025-06-29T13:31:15+00:00\" \/>\n<meta name=\"twitter:card\" content=\"summary_large_image\" \/>\n<meta name=\"twitter:label1\" content=\"Gesch\u00e4tzte Lesezeit\" \/>\n\t<meta name=\"twitter:data1\" content=\"1\u00a0Minute\" \/>\n<script type=\"application\/ld+json\" class=\"yoast-schema-graph\">{\"@context\":\"https:\/\/schema.org\",\"@graph\":[{\"@type\":\"WebPage\",\"@id\":\"https:\/\/waldorfcampus-hn.de\/barrierefreimenu\/\",\"url\":\"https:\/\/waldorfcampus-hn.de\/barrierefreimenu\/\",\"name\":\"barrierefreimen\u00fc - Waldorfcampus - Heilbronn\",\"isPartOf\":{\"@id\":\"https:\/\/waldorfcampus-hn.de\/#website\"},\"primaryImageOfPage\":{\"@id\":\"https:\/\/waldorfcampus-hn.de\/barrierefreimenu\/#primaryimage\"},\"image\":{\"@id\":\"https:\/\/waldorfcampus-hn.de\/barrierefreimenu\/#primaryimage\"},\"thumbnailUrl\":\"https:\/\/waldorfcampus-hn.de\/wp-content\/uploads\/2023\/03\/waldorfcampus-heilbronn-logo-black.svg\",\"datePublished\":\"2025-04-12T12:27:45+00:00\",\"dateModified\":\"2025-06-29T13:31:15+00:00\",\"breadcrumb\":{\"@id\":\"https:\/\/waldorfcampus-hn.de\/barrierefreimenu\/#breadcrumb\"},\"inLanguage\":\"de\",\"potentialAction\":[{\"@type\":\"ReadAction\",\"target\":[\"https:\/\/waldorfcampus-hn.de\/barrierefreimenu\/\"]}]},{\"@type\":\"ImageObject\",\"inLanguage\":\"de\",\"@id\":\"https:\/\/waldorfcampus-hn.de\/barrierefreimenu\/#primaryimage\",\"url\":\"https:\/\/waldorfcampus-hn.de\/wp-content\/uploads\/2023\/03\/waldorfcampus-heilbronn-logo-black.svg\",\"contentUrl\":\"https:\/\/waldorfcampus-hn.de\/wp-content\/uploads\/2023\/03\/waldorfcampus-heilbronn-logo-black.svg\"},{\"@type\":\"BreadcrumbList\",\"@id\":\"https:\/\/waldorfcampus-hn.de\/barrierefreimenu\/#breadcrumb\",\"itemListElement\":[{\"@type\":\"ListItem\",\"position\":1,\"name\":\"Startseite\",\"item\":\"https:\/\/waldorfcampus-hn.de\/\"},{\"@type\":\"ListItem\",\"position\":2,\"name\":\"barrierefreimen\u00fc\"}]},{\"@type\":\"WebSite\",\"@id\":\"https:\/\/waldorfcampus-hn.de\/#website\",\"url\":\"https:\/\/waldorfcampus-hn.de\/\",\"name\":\"Waldorfcampus - Heilbronn\",\"description\":\"Kindertagesst\u00e4tten in Heilbronn &amp; Lauffen | Freie Waldorfschule Heilbronn mit staatlich anerkanntem Realschulabschlu\u00df und Abitur\",\"potentialAction\":[{\"@type\":\"SearchAction\",\"target\":{\"@type\":\"EntryPoint\",\"urlTemplate\":\"https:\/\/waldorfcampus-hn.de\/?s={search_term_string}\"},\"query-input\":{\"@type\":\"PropertyValueSpecification\",\"valueRequired\":true,\"valueName\":\"search_term_string\"}}],\"inLanguage\":\"de\"}]}<\/script>\n<!-- \/ Yoast SEO plugin. -->","yoast_head_json":{"title":"barrierefreimen\u00fc - Waldorfcampus - Heilbronn","robots":{"index":"index","follow":"follow","max-snippet":"max-snippet:-1","max-image-preview":"max-image-preview:large","max-video-preview":"max-video-preview:-1"},"canonical":"https:\/\/waldorfcampus-hn.de\/einfach\/barrierefreimenu\/","og_locale":"de_DE","og_type":"article","og_title":"barrierefreimen\u00fc - Waldorfcampus - Heilbronn","og_description":"Wenn Sie Unterst\u00fctzung beim Lesen oder Navigieren dieser Webseite ben\u00f6tigen, [...]","og_url":"https:\/\/waldorfcampus-hn.de\/einfach\/barrierefreimenu\/","og_site_name":"Waldorfcampus - Heilbronn","article_modified_time":"2025-06-29T13:31:15+00:00","twitter_card":"summary_large_image","twitter_misc":{"Gesch\u00e4tzte Lesezeit":"1\u00a0Minute"},"schema":{"@context":"https:\/\/schema.org","@graph":[{"@type":"WebPage","@id":"https:\/\/waldorfcampus-hn.de\/barrierefreimenu\/","url":"https:\/\/waldorfcampus-hn.de\/barrierefreimenu\/","name":"barrierefreimen\u00fc - Waldorfcampus - Heilbronn","isPartOf":{"@id":"https:\/\/waldorfcampus-hn.de\/#website"},"primaryImageOfPage":{"@id":"https:\/\/waldorfcampus-hn.de\/barrierefreimenu\/#primaryimage"},"image":{"@id":"https:\/\/waldorfcampus-hn.de\/barrierefreimenu\/#primaryimage"},"thumbnailUrl":"https:\/\/waldorfcampus-hn.de\/wp-content\/uploads\/2023\/03\/waldorfcampus-heilbronn-logo-black.svg","datePublished":"2025-04-12T12:27:45+00:00","dateModified":"2025-06-29T13:31:15+00:00","breadcrumb":{"@id":"https:\/\/waldorfcampus-hn.de\/barrierefreimenu\/#breadcrumb"},"inLanguage":"de","potentialAction":[{"@type":"ReadAction","target":["https:\/\/waldorfcampus-hn.de\/barrierefreimenu\/"]}]},{"@type":"ImageObject","inLanguage":"de","@id":"https:\/\/waldorfcampus-hn.de\/barrierefreimenu\/#primaryimage","url":"https:\/\/waldorfcampus-hn.de\/wp-content\/uploads\/2023\/03\/waldorfcampus-heilbronn-logo-black.svg","contentUrl":"https:\/\/waldorfcampus-hn.de\/wp-content\/uploads\/2023\/03\/waldorfcampus-heilbronn-logo-black.svg"},{"@type":"BreadcrumbList","@id":"https:\/\/waldorfcampus-hn.de\/barrierefreimenu\/#breadcrumb","itemListElement":[{"@type":"ListItem","position":1,"name":"Startseite","item":"https:\/\/waldorfcampus-hn.de\/"},{"@type":"ListItem","position":2,"name":"barrierefreimen\u00fc"}]},{"@type":"WebSite","@id":"https:\/\/waldorfcampus-hn.de\/#website","url":"https:\/\/waldorfcampus-hn.de\/","name":"Waldorfcampus - Heilbronn","description":"Kindertagesst\u00e4tten in Heilbronn &amp; Lauffen | Freie Waldorfschule Heilbronn mit staatlich anerkanntem Realschulabschlu\u00df und Abitur","potentialAction":[{"@type":"SearchAction","target":{"@type":"EntryPoint","urlTemplate":"https:\/\/waldorfcampus-hn.de\/?s={search_term_string}"},"query-input":{"@type":"PropertyValueSpecification","valueRequired":true,"valueName":"search_term_string"}}],"inLanguage":"de"}]}},"_links":{"self":[{"href":"https:\/\/waldorfcampus-hn.de\/einfach\/wp-json\/wp\/v2\/pages\/5246","targetHints":{"allow":["GET"]}}],"collection":[{"href":"https:\/\/waldorfcampus-hn.de\/einfach\/wp-json\/wp\/v2\/pages"}],"about":[{"href":"https:\/\/waldorfcampus-hn.de\/einfach\/wp-json\/wp\/v2\/types\/page"}],"author":[{"embeddable":true,"href":"https:\/\/waldorfcampus-hn.de\/einfach\/wp-json\/wp\/v2\/users\/1"}],"replies":[{"embeddable":true,"href":"https:\/\/waldorfcampus-hn.de\/einfach\/wp-json\/wp\/v2\/comments?post=5246"}],"version-history":[{"count":178,"href":"https:\/\/waldorfcampus-hn.de\/einfach\/wp-json\/wp\/v2\/pages\/5246\/revisions"}],"predecessor-version":[{"id":6834,"href":"https:\/\/waldorfcampus-hn.de\/einfach\/wp-json\/wp\/v2\/pages\/5246\/revisions\/6834"}],"wp:attachment":[{"href":"https:\/\/waldorfcampus-hn.de\/einfach\/wp-json\/wp\/v2\/media?parent=5246"}],"curies":[{"name":"wp","href":"https:\/\/api.w.org\/{rel}","templated":true}]}}