{"id":6528,"date":"2025-05-26T10:44:07","date_gmt":"2025-05-26T08:44:07","guid":{"rendered":"https:\/\/waldorfcampus-hn.de\/?page_id=6528"},"modified":"2025-06-29T15:36:39","modified_gmt":"2025-06-29T13:36:39","slug":"beschwerdestelle-barrierefrei","status":"publish","type":"page","link":"https:\/\/waldorfcampus-hn.de\/einfach\/beschwerdestelle-barrierefrei\/","title":{"rendered":"Beschwerdestelle barrierefrei"},"content":{"rendered":"<div data-elementor-type=\"wp-page\" data-elementor-id=\"6528\" class=\"elementor elementor-6528\">\n\t\t\t\t<div class=\"elementor-element elementor-element-9140bcc e-flex e-con-boxed e-con e-parent\" data-id=\"9140bcc\" data-element_type=\"container\" data-settings=\"{&quot;background_background&quot;:&quot;classic&quot;}\">\n\t\t\t\t\t<div class=\"e-con-inner\">\n\t\t<div class=\"elementor-element elementor-element-08df5db e-con-full e-flex e-con e-child\" data-id=\"08df5db\" data-element_type=\"container\">\n\t\t<div class=\"elementor-element elementor-element-666d985 e-grid e-con-full e-con e-child\" data-id=\"666d985\" data-element_type=\"container\">\n\t\t\t\t<div class=\"elementor-element elementor-element-4cac424 elementor-widget elementor-widget-menu-anchor\" data-id=\"4cac424\" data-element_type=\"widget\" data-widget_type=\"menu-anchor.default\">\n\t\t\t\t<div class=\"elementor-widget-container\">\n\t\t\t\t\t\t\t<div class=\"elementor-menu-anchor\" id=\"Anfang\"><\/div>\n\t\t\t\t\t\t<\/div>\n\t\t\t\t<\/div>\n\t\t\t\t<div class=\"elementor-element elementor-element-0863624 elementor-widget elementor-widget-image\" data-id=\"0863624\" data-element_type=\"widget\" data-widget_type=\"image.default\">\n\t\t\t\t<div class=\"elementor-widget-container\">\n\t\t\t\t\t\t\t\t\t\t\t\t\t\t\t\t<a href=\"https:\/\/waldorfcampus-hn.de\/einfach\/\">\n\t\t\t\t\t\t\t<img fetchpriority=\"high\" decoding=\"async\" width=\"1024\" height=\"1024\" src=\"https:\/\/waldorfcampus-hn.de\/wp-content\/uploads\/2023\/02\/waldorfcampus-heilbronn-logo.svg\" class=\"attachment-large size-large wp-image-194\" alt=\"\" \/>\t\t\t\t\t\t\t\t<\/a>\n\t\t\t\t\t\t\t\t\t\t\t\t\t\t\t<\/div>\n\t\t\t\t<\/div>\n\t\t\t\t<\/div>\n\t\t\t\t<div class=\"elementor-element elementor-element-28b16ad elementor-align-center elementor-widget elementor-widget-button\" data-id=\"28b16ad\" data-element_type=\"widget\" data-widget_type=\"button.default\">\n\t\t\t\t<div class=\"elementor-widget-container\">\n\t\t\t\t\t\t\t\t\t<div class=\"elementor-button-wrapper\">\n\t\t\t\t\t<a class=\"elementor-button elementor-button-link elementor-size-sm\" href=\"https:\/\/waldorfcampus-hn.de\/einfach\/barrierefreimenu\/\">\n\t\t\t\t\t\t<span class=\"elementor-button-content-wrapper\">\n\t\t\t\t\t\t\t\t\t<span class=\"elementor-button-text\">ZUR\u00dcCK ZUM BARRIEREFREIEN MEN\u00dc<\/span>\n\t\t\t\t\t<\/span>\n\t\t\t\t\t<\/a>\n\t\t\t\t<\/div>\n\t\t\t\t\t\t\t\t<\/div>\n\t\t\t\t<\/div>\n\t\t\t\t<div class=\"elementor-element elementor-element-ec084f9 elementor-widget elementor-widget-image\" data-id=\"ec084f9\" data-element_type=\"widget\" data-widget_type=\"image.default\">\n\t\t\t\t<div class=\"elementor-widget-container\">\n\t\t\t\t\t\t\t\t\t\t\t\t\t\t\t<img decoding=\"async\" width=\"1024\" height=\"1024\" src=\"https:\/\/waldorfcampus-hn.de\/wp-content\/uploads\/2023\/03\/waldorfcampus-orga-kita-trennlinie-2.svg\" class=\"attachment-large size-large wp-image-2054\" alt=\"\" \/>\t\t\t\t\t\t\t\t\t\t\t\t\t\t\t<\/div>\n\t\t\t\t<\/div>\n\t\t\t\t<\/div>\n\t\t\t\t<div class=\"elementor-element elementor-element-c6a91b4 elementor-widget elementor-widget-text-editor\" data-id=\"c6a91b4\" data-element_type=\"widget\" data-widget_type=\"text-editor.default\">\n\t\t\t\t<div class=\"elementor-widget-container\">\n\t\t\t\t\t\t\t\t\t<h4 style=\"text-align: center;\">Beschwerdestelle der Landesarbeitsgemeinschaft der Freien Waldorfschulen<\/h4>\t\t\t\t\t\t\t\t<\/div>\n\t\t\t\t<\/div>\n\t\t\t\t<div class=\"elementor-element elementor-element-fe51482 elementor-widget elementor-widget-text-editor\" data-id=\"fe51482\" data-element_type=\"widget\" data-widget_type=\"text-editor.default\">\n\t\t\t\t<div class=\"elementor-widget-container\">\n\t\t\t\t\t\t\t\t\t<div class=\"fusion-text fusion-text-1\"><p>Wenn es an der Schule oder im Verein ein Problem oder einen Streit gibt, versuchen wir zuerst, gemeinsam eine L\u00f6sung zu finden.<\/p><p><a href=\"https:\/\/waldorf-bw.de\/beschwerdestelle\/\"><em>Manchmal gelingt das nicht, dann finden den Kontakt zur Beschwerdestelle hier.<\/em><\/a><\/p><\/div><div class=\"fusion-separator fusion-full-width-sep\">\u00a0<\/div><div class=\"fusion-text fusion-text-2\"><p>Bevor Sie sich an die Beschwerdestelle der Landesarbeitsgemeinschaft (LAG) wenden, empfehlen wir:\nSprechen Sie zuerst mit der Person, mit der es das Problem gibt.\nAuch die Leitung der Kita, die Schulf\u00fchrung, der Vorstand oder die Gesch\u00e4ftsf\u00fchrung k\u00f6nnen helfen.\nSprechen Sie uns gerne an.<\/p><p>E-Mail:\u00a0<a href=\"mailto:vorstand@waldorfcampus-hn.de\">vorstand@waldorfcampus-hn.de<\/a><\/p><\/div>\t\t\t\t\t\t\t\t<\/div>\n\t\t\t\t<\/div>\n\t\t\t\t<div class=\"elementor-element elementor-element-ffb5bf1 elementor-widget elementor-widget-spacer\" data-id=\"ffb5bf1\" data-element_type=\"widget\" data-widget_type=\"spacer.default\">\n\t\t\t\t<div class=\"elementor-widget-container\">\n\t\t\t\t\t\t\t<div class=\"elementor-spacer\">\n\t\t\t<div class=\"elementor-spacer-inner\"><\/div>\n\t\t<\/div>\n\t\t\t\t\t\t<\/div>\n\t\t\t\t<\/div>\n\t\t\t\t<div class=\"elementor-element elementor-element-cb433e7 elementor-align-right elementor-fixed elementor-widget elementor-widget-button\" data-id=\"cb433e7\" data-element_type=\"widget\" data-settings=\"{&quot;_position&quot;:&quot;fixed&quot;}\" data-widget_type=\"button.default\">\n\t\t\t\t<div class=\"elementor-widget-container\">\n\t\t\t\t\t\t\t\t\t<div class=\"elementor-button-wrapper\">\n\t\t\t\t\t<a class=\"elementor-button elementor-size-sm\" role=\"button\">\n\t\t\t\t\t\t<span class=\"elementor-button-content-wrapper\">\n\t\t\t\t\t\t<span class=\"elementor-button-icon\">\n\t\t\t\t<svg aria-hidden=\"true\" class=\"e-font-icon-svg e-fas-book-reader\" viewbox=\"0 0 512 512\" xmlns=\"http:\/\/www.w3.org\/2000\/svg\"><path d=\"M352 96c0-53.02-42.98-96-96-96s-96 42.98-96 96 42.98 96 96 96 96-42.98 96-96zM233.59 241.1c-59.33-36.32-155.43-46.3-203.79-49.05C13.55 191.13 0 203.51 0 219.14v222.8c0 14.33 11.59 26.28 26.49 27.05 43.66 2.29 131.99 10.68 193.04 41.43 9.37 4.72 20.48-1.71 20.48-11.87V252.56c-.01-4.67-2.32-8.95-6.42-11.46zm248.61-49.05c-48.35 2.74-144.46 12.73-203.78 49.05-4.1 2.51-6.41 6.96-6.41 11.63v245.79c0 10.19 11.14 16.63 20.54 11.9 61.04-30.72 149.32-39.11 192.97-41.4 14.9-.78 26.49-12.73 26.49-27.06V219.14c-.01-15.63-13.56-28.01-29.81-27.09z\"><\/path><\/svg>\t\t\t<\/span>\n\t\t\t\t\t\t\t\t<\/span>\n\t\t\t\t\t<\/a>\n\t\t\t\t<\/div>\n\t\t\t\t\t\t\t\t<\/div>\n\t\t\t\t<\/div>\n\t\t\t\t<div class=\"elementor-element elementor-element-fb0b2f5 elementor-fixed elementor-widget elementor-widget-shortcode\" data-id=\"fb0b2f5\" data-element_type=\"widget\" data-settings=\"{&quot;_position&quot;:&quot;fixed&quot;}\" data-widget_type=\"shortcode.default\">\n\t\t\t\t<div class=\"elementor-widget-container\">\n\t\t\t\t\t\t\t<div class=\"elementor-shortcode\"><div class=\"trp_language_switcher_shortcode\">\n<div class=\"trp-language-switcher trp-language-switcher-container\" data-no-translation>\n    <div class=\"trp-ls-shortcode-current-language\">\n        <a href=\"#\" class=\"trp-ls-shortcode-disabled-language trp-ls-disabled-language\" title=\"German (Formal)\" onclick=\"event.preventDefault()\">\n\t\t\t EINFACH\t\t<\/a>\n    <\/div>\n    <div class=\"trp-ls-shortcode-language\">\n                <a href=\"#\" class=\"trp-ls-shortcode-disabled-language trp-ls-disabled-language\"  title=\"German (Formal)\" onclick=\"event.preventDefault()\">\n\t\t\t EINFACH\t\t<\/a>\n                    <a href=\"https:\/\/waldorfcampus-hn.de\/einfach\/wp-json\/wp\/v2\/pages\/6528\" title=\"German\">\n             STANDARD        <\/a>\n\n        <\/div>\n    <script type=\"application\/javascript\">\n        \/\/ need to have the same with set from JS on both divs. Otherwise it can push stuff around in HTML\n        var trp_ls_shortcodes = document.querySelectorAll('.trp_language_switcher_shortcode .trp-language-switcher');\n        if ( trp_ls_shortcodes.length > 0) {\n            \/\/ get the last language switcher added\n            var trp_el = trp_ls_shortcodes[trp_ls_shortcodes.length - 1];\n\n            var trp_shortcode_language_item = trp_el.querySelector( '.trp-ls-shortcode-language' )\n            \/\/ set width\n            var trp_ls_shortcode_width                                               = trp_shortcode_language_item.offsetWidth + 16;\n            trp_shortcode_language_item.style.width                                  = trp_ls_shortcode_width + 'px';\n            trp_el.querySelector( '.trp-ls-shortcode-current-language' ).style.width = trp_ls_shortcode_width + 'px';\n\n            \/\/ We're putting this on display: none after we have its width.\n            trp_shortcode_language_item.style.display = 'none';\n        }\n    <\/script>\n<\/div>\n<\/div><\/div>\n\t\t\t\t\t\t<\/div>\n\t\t\t\t<\/div>\n\t\t<div class=\"elementor-element elementor-element-6e0e0af e-con-full e-flex e-con e-child\" data-id=\"6e0e0af\" data-element_type=\"container\" data-settings=\"{&quot;background_background&quot;:&quot;classic&quot;}\">\n\t\t<div class=\"elementor-element elementor-element-c183519 e-grid e-con-full e-con e-child\" data-id=\"c183519\" data-element_type=\"container\">\n\t\t<div class=\"elementor-element elementor-element-b658aa3 e-grid e-con-full e-con e-child\" data-id=\"b658aa3\" data-element_type=\"container\">\n\t\t\t\t<div class=\"elementor-element elementor-element-45d1786 elementor-widget elementor-widget-image\" data-id=\"45d1786\" data-element_type=\"widget\" data-widget_type=\"image.default\">\n\t\t\t\t<div class=\"elementor-widget-container\">\n\t\t\t\t\t\t\t\t\t\t\t\t\t\t\t<img decoding=\"async\" width=\"1024\" height=\"1024\" src=\"https:\/\/waldorfcampus-hn.de\/wp-content\/uploads\/2023\/03\/waldorfcampus-heilbronn-logo-black.svg\" class=\"attachment-large size-large wp-image-958\" alt=\"\" \/>\t\t\t\t\t\t\t\t\t\t\t\t\t\t\t<\/div>\n\t\t\t\t<\/div>\n\t\t\t\t<div class=\"elementor-element elementor-element-a335baa elementor-widget elementor-widget-text-editor\" data-id=\"a335baa\" data-element_type=\"widget\" data-widget_type=\"text-editor.default\">\n\t\t\t\t<div class=\"elementor-widget-container\">\n\t\t\t\t\t\t\t\t\t<p style=\"text-align: center;\">Verein f\u00fcr Waldorfp\u00e4dagogik Unterland e.V.<\/p><p style=\"text-align: center;\">Max-von-Laue-Stra\u00dfe 4<\/p><p style=\"text-align: center;\">74081 Heilbronn<\/p>\t\t\t\t\t\t\t\t<\/div>\n\t\t\t\t<\/div>\n\t\t\t\t<\/div>\n\t\t<div class=\"elementor-element elementor-element-efae081 e-grid e-con-full e-con e-child\" data-id=\"efae081\" data-element_type=\"container\">\n\t\t\t\t<div class=\"elementor-element elementor-element-41c78c1 elementor-widget elementor-widget-text-editor\" data-id=\"41c78c1\" data-element_type=\"widget\" data-widget_type=\"text-editor.default\">\n\t\t\t\t<div class=\"elementor-widget-container\">\n\t\t\t\t\t\t\t\t\t<p><strong>WALDORF-KINDERTAGESST\u00c4TTEN<\/strong><\/p><p><span style=\"text-decoration: underline;\"><a href=\"https:\/\/waldorfcampus-hn.de\/einfach\/waldorfpaedagogikbarrierefrei\/\">Waldorfp\u00e4dagogik von 0 bis 19 Jahren<\/a><\/span><\/p><p><a href=\"https:\/\/waldorfcampus-hn.de\/einfach\/organisatorisches-kindergarten-barrierefrei\/\"><span style=\"text-decoration: underline;\">Informationen Kindertagesst\u00e4tten<\/span><\/a><\/p><p><a href=\"https:\/\/waldorfcampus-hn.de\/einfach\/unsere-erzieherinnen-barrierefrei\/\"><span style=\"text-decoration: underline;\">Unser Kita-Team<\/span><\/a><\/p><p><a href=\"https:\/\/waldorfcampus-hn.de\/einfach\/anmeldung-kita-barrierefrei\/\"><span style=\"text-decoration: underline;\">Anmeldung Kita<\/span><\/a><\/p>\t\t\t\t\t\t\t\t<\/div>\n\t\t\t\t<\/div>\n\t\t\t\t<div class=\"elementor-element elementor-element-c63288d elementor-widget elementor-widget-text-editor\" data-id=\"c63288d\" data-element_type=\"widget\" data-widget_type=\"text-editor.default\">\n\t\t\t\t<div class=\"elementor-widget-container\">\n\t\t\t\t\t\t\t\t\t<p><strong>FREIE WALDORFSCHULE HEILBRONN<\/strong><\/p><p><span style=\"text-decoration: underline;\"><a href=\"https:\/\/waldorfcampus-hn.de\/einfach\/waldorfpaedagogikbarrierefrei\/\">Waldorfp\u00e4dagogik von 0 bis 19 Jahren<\/a><\/span><\/p><p><a href=\"https:\/\/waldorfcampus-hn.de\/einfach\/organisatorisches-waldorfschule-barrierefrei\/\"><span style=\"text-decoration: underline;\">Informationen Waldorfschule<\/span><\/a><\/p><p><a href=\"https:\/\/waldorfcampus-hn.de\/einfach\/unsere-lehrerinnen-barrierefrei\/\"><span style=\"text-decoration: underline;\">Unsere Lehrkr\u00e4fte<\/span><\/a><\/p><p><a href=\"https:\/\/waldorfcampus-hn.de\/einfach\/anmeldung-schule-barrierefrei\/\"><span style=\"text-decoration: underline;\">Anmeldung Schule<\/span><\/a><\/p>\t\t\t\t\t\t\t\t<\/div>\n\t\t\t\t<\/div>\n\t\t\t\t<\/div>\n\t\t<div class=\"elementor-element elementor-element-3fe1d57 e-grid e-con-full e-con e-child\" data-id=\"3fe1d57\" data-element_type=\"container\">\n\t\t\t\t<div class=\"elementor-element elementor-element-15c703d elementor-widget elementor-widget-text-editor\" data-id=\"15c703d\" data-element_type=\"widget\" data-widget_type=\"text-editor.default\">\n\t\t\t\t<div class=\"elementor-widget-container\">\n\t\t\t\t\t\t\t\t\t<p><strong>VEREIN<\/strong><\/p><p><a href=\"https:\/\/waldorfcampus-hn.de\/einfach\/struktur-geschichte-barrierefrei\/\"><span style=\"text-decoration: underline;\">Struktur und Geschichte<\/span><\/a><\/p><p><a href=\"https:\/\/waldorfcampus-hn.de\/einfach\/unser-team-barrierefrei\/\"><span style=\"text-decoration: underline;\">Unser Verwaltungs-Team<\/span><\/a><\/p><p><a href=\"https:\/\/waldorfcampus-hn.de\/einfach\/jobs-barrierefrei\/\" data-wplink-edit=\"true\"><span style=\"text-decoration: underline;\">Jobs<\/span><\/a><\/p>\t\t\t\t\t\t\t\t<\/div>\n\t\t\t\t<\/div>\n\t\t\t\t<div class=\"elementor-element elementor-element-7d68fca elementor-widget elementor-widget-text-editor\" data-id=\"7d68fca\" data-element_type=\"widget\" data-widget_type=\"text-editor.default\">\n\t\t\t\t<div class=\"elementor-widget-container\">\n\t\t\t\t\t\t\t\t\t<p><strong>SONSTIGES<\/strong><\/p><p><span style=\"text-decoration: underline;\"><a href=\"https:\/\/waldorfcampus-hn.de\/einfach\/\">Startseite<\/a><\/span><\/p><p><span style=\"text-decoration: underline;\"><a href=\"https:\/\/waldorfcampus-hn.de\/einfach\/barrierefreimenu\/\">Barrierefreies Men\u00fc<\/a><\/span><\/p><p><a href=\"https:\/\/waldorfcampus-hn.de\/einfach\/aktuelles-barrierefrei\/\"><span style=\"text-decoration: underline;\">Aktuelles<\/span><\/a><\/p><p><a href=\"https:\/\/waldorfcampus-hn.de\/einfach\/kontakt-barrierefrei\/\"><span style=\"text-decoration: underline;\">Kontakt<\/span><\/a><\/p>\t\t\t\t\t\t\t\t<\/div>\n\t\t\t\t<\/div>\n\t\t\t\t<\/div>\n\t\t\t\t<\/div>\n\t\t<div class=\"elementor-element elementor-element-3b1986a e-grid e-con-full e-con e-child\" data-id=\"3b1986a\" data-element_type=\"container\">\n\t\t\t\t<div class=\"elementor-element elementor-element-047cd48 elementor-widget-divider--view-line elementor-widget elementor-widget-divider\" data-id=\"047cd48\" data-element_type=\"widget\" data-widget_type=\"divider.default\">\n\t\t\t\t<div class=\"elementor-widget-container\">\n\t\t\t\t\t\t\t<div class=\"elementor-divider\">\n\t\t\t<span class=\"elementor-divider-separator\">\n\t\t\t\t\t\t<\/span>\n\t\t<\/div>\n\t\t\t\t\t\t<\/div>\n\t\t\t\t<\/div>\n\t\t\t\t<div class=\"elementor-element elementor-element-b7ff731 elementor-widget elementor-widget-text-editor\" data-id=\"b7ff731\" data-element_type=\"widget\" data-widget_type=\"text-editor.default\">\n\t\t\t\t<div class=\"elementor-widget-container\">\n\t\t\t\t\t\t\t\t\t<p><span style=\"text-decoration: underline;\"><a href=\"https:\/\/waldorfcampus-hn.de\/einfach\/impressum-barrierefrei\/\">Impressum <\/a><\/span><a href=\"https:\/\/waldorfcampus-hn.de\/einfach\/datenschutz-barrierefrei\/\"><span style=\"text-decoration: underline;\">Datenschutz <\/span><\/a><span style=\"text-decoration: underline;\"><a href=\"https:\/\/waldorfcampus-hn.de\/einfach\/beschwerdestelle-barrierefrei\/\">Beschwerdestelle<\/a><\/span><\/p><p>Copyright \u00a9 2024 Waldorfcampus Heilbronn &#8211; Alle Rechte vorbehalten<\/p>\t\t\t\t\t\t\t\t<\/div>\n\t\t\t\t<\/div>\n\t\t\t\t<\/div>\n\t\t\t\t<\/div>\n\t\t\t\t<div class=\"elementor-element elementor-element-df23d4c elementor-align-right elementor-fixed elementor-widget elementor-widget-button\" data-id=\"df23d4c\" data-element_type=\"widget\" data-settings=\"{&quot;_position&quot;:&quot;fixed&quot;}\" data-widget_type=\"button.default\">\n\t\t\t\t<div class=\"elementor-widget-container\">\n\t\t\t\t\t\t\t\t\t<div class=\"elementor-button-wrapper\">\n\t\t\t\t\t<a class=\"elementor-button elementor-button-link elementor-size-sm\" href=\"#Anfang\">\n\t\t\t\t\t\t<span class=\"elementor-button-content-wrapper\">\n\t\t\t\t\t\t\t\t\t<span class=\"elementor-button-text\">Zur\u00fcck zum Anfang<\/span>\n\t\t\t\t\t<\/span>\n\t\t\t\t\t<\/a>\n\t\t\t\t<\/div>\n\t\t\t\t\t\t\t\t<\/div>\n\t\t\t\t<\/div>\n\t\t\t\t\t<\/div>\n\t\t\t\t<\/div>\n\t\t\t\t<\/div>","protected":false},"excerpt":{"rendered":"<p>ZUR\u00dcCK ZUM BARRIEREFREIEN MEN\u00dc Beschwerdestelle der Landesarbeitsgemeinschaft der Freien Waldorfschulen  [&#8230;]<\/p>","protected":false},"author":1,"featured_media":0,"parent":0,"menu_order":0,"comment_status":"closed","ping_status":"closed","template":"elementor_canvas","meta":{"inline_featured_image":false,"footnotes":""},"class_list":["post-6528","page","type-page","status-publish","hentry"],"yoast_head":"<!-- This site is optimized with the Yoast SEO plugin v26.8 - https:\/\/yoast.com\/product\/yoast-seo-wordpress\/ -->\n<title>Beschwerdestelle barrierefrei - Waldorfcampus - Heilbronn<\/title>\n<meta name=\"robots\" content=\"index, follow, max-snippet:-1, max-image-preview:large, max-video-preview:-1\" \/>\n<link rel=\"canonical\" href=\"https:\/\/waldorfcampus-hn.de\/einfach\/beschwerdestelle-barrierefrei\/\" \/>\n<meta property=\"og:locale\" content=\"de_DE\" \/>\n<meta property=\"og:type\" content=\"article\" \/>\n<meta property=\"og:title\" content=\"Beschwerdestelle barrierefrei - Waldorfcampus - Heilbronn\" \/>\n<meta property=\"og:description\" content=\"ZUR\u00dcCK ZUM BARRIEREFREIEN MEN\u00dc Beschwerdestelle der Landesarbeitsgemeinschaft der Freien Waldorfschulen [...]\" \/>\n<meta property=\"og:url\" content=\"https:\/\/waldorfcampus-hn.de\/einfach\/beschwerdestelle-barrierefrei\/\" \/>\n<meta property=\"og:site_name\" content=\"Waldorfcampus - Heilbronn\" \/>\n<meta property=\"article:modified_time\" content=\"2025-06-29T13:36:39+00:00\" \/>\n<meta name=\"twitter:card\" content=\"summary_large_image\" \/>\n<meta name=\"twitter:label1\" content=\"Gesch\u00e4tzte Lesezeit\" \/>\n\t<meta name=\"twitter:data1\" content=\"2\u00a0Minuten\" \/>\n<script type=\"application\/ld+json\" class=\"yoast-schema-graph\">{\"@context\":\"https:\/\/schema.org\",\"@graph\":[{\"@type\":\"WebPage\",\"@id\":\"https:\/\/waldorfcampus-hn.de\/beschwerdestelle-barrierefrei\/\",\"url\":\"https:\/\/waldorfcampus-hn.de\/beschwerdestelle-barrierefrei\/\",\"name\":\"Beschwerdestelle barrierefrei - Waldorfcampus - Heilbronn\",\"isPartOf\":{\"@id\":\"https:\/\/waldorfcampus-hn.de\/#website\"},\"primaryImageOfPage\":{\"@id\":\"https:\/\/waldorfcampus-hn.de\/beschwerdestelle-barrierefrei\/#primaryimage\"},\"image\":{\"@id\":\"https:\/\/waldorfcampus-hn.de\/beschwerdestelle-barrierefrei\/#primaryimage\"},\"thumbnailUrl\":\"https:\/\/waldorfcampus-hn.de\/wp-content\/uploads\/2023\/02\/waldorfcampus-heilbronn-logo.svg\",\"datePublished\":\"2025-05-26T08:44:07+00:00\",\"dateModified\":\"2025-06-29T13:36:39+00:00\",\"breadcrumb\":{\"@id\":\"https:\/\/waldorfcampus-hn.de\/beschwerdestelle-barrierefrei\/#breadcrumb\"},\"inLanguage\":\"de\",\"potentialAction\":[{\"@type\":\"ReadAction\",\"target\":[\"https:\/\/waldorfcampus-hn.de\/beschwerdestelle-barrierefrei\/\"]}]},{\"@type\":\"ImageObject\",\"inLanguage\":\"de\",\"@id\":\"https:\/\/waldorfcampus-hn.de\/beschwerdestelle-barrierefrei\/#primaryimage\",\"url\":\"https:\/\/waldorfcampus-hn.de\/wp-content\/uploads\/2023\/02\/waldorfcampus-heilbronn-logo.svg\",\"contentUrl\":\"https:\/\/waldorfcampus-hn.de\/wp-content\/uploads\/2023\/02\/waldorfcampus-heilbronn-logo.svg\"},{\"@type\":\"BreadcrumbList\",\"@id\":\"https:\/\/waldorfcampus-hn.de\/beschwerdestelle-barrierefrei\/#breadcrumb\",\"itemListElement\":[{\"@type\":\"ListItem\",\"position\":1,\"name\":\"Startseite\",\"item\":\"https:\/\/waldorfcampus-hn.de\/\"},{\"@type\":\"ListItem\",\"position\":2,\"name\":\"Beschwerdestelle barrierefrei\"}]},{\"@type\":\"WebSite\",\"@id\":\"https:\/\/waldorfcampus-hn.de\/#website\",\"url\":\"https:\/\/waldorfcampus-hn.de\/\",\"name\":\"Waldorfcampus - Heilbronn\",\"description\":\"Kindertagesst\u00e4tten in Heilbronn &amp; Lauffen | Freie Waldorfschule Heilbronn mit staatlich anerkanntem Realschulabschlu\u00df und Abitur\",\"potentialAction\":[{\"@type\":\"SearchAction\",\"target\":{\"@type\":\"EntryPoint\",\"urlTemplate\":\"https:\/\/waldorfcampus-hn.de\/?s={search_term_string}\"},\"query-input\":{\"@type\":\"PropertyValueSpecification\",\"valueRequired\":true,\"valueName\":\"search_term_string\"}}],\"inLanguage\":\"de\"}]}<\/script>\n<!-- \/ Yoast SEO plugin. -->","yoast_head_json":{"title":"Beschwerdestelle barrierefrei - Waldorfcampus - Heilbronn","robots":{"index":"index","follow":"follow","max-snippet":"max-snippet:-1","max-image-preview":"max-image-preview:large","max-video-preview":"max-video-preview:-1"},"canonical":"https:\/\/waldorfcampus-hn.de\/einfach\/beschwerdestelle-barrierefrei\/","og_locale":"de_DE","og_type":"article","og_title":"Beschwerdestelle barrierefrei - Waldorfcampus - Heilbronn","og_description":"ZUR\u00dcCK ZUM BARRIEREFREIEN MEN\u00dc Beschwerdestelle der Landesarbeitsgemeinschaft der Freien Waldorfschulen [...]","og_url":"https:\/\/waldorfcampus-hn.de\/einfach\/beschwerdestelle-barrierefrei\/","og_site_name":"Waldorfcampus - Heilbronn","article_modified_time":"2025-06-29T13:36:39+00:00","twitter_card":"summary_large_image","twitter_misc":{"Gesch\u00e4tzte Lesezeit":"2\u00a0Minuten"},"schema":{"@context":"https:\/\/schema.org","@graph":[{"@type":"WebPage","@id":"https:\/\/waldorfcampus-hn.de\/beschwerdestelle-barrierefrei\/","url":"https:\/\/waldorfcampus-hn.de\/beschwerdestelle-barrierefrei\/","name":"Beschwerdestelle barrierefrei - Waldorfcampus - Heilbronn","isPartOf":{"@id":"https:\/\/waldorfcampus-hn.de\/#website"},"primaryImageOfPage":{"@id":"https:\/\/waldorfcampus-hn.de\/beschwerdestelle-barrierefrei\/#primaryimage"},"image":{"@id":"https:\/\/waldorfcampus-hn.de\/beschwerdestelle-barrierefrei\/#primaryimage"},"thumbnailUrl":"https:\/\/waldorfcampus-hn.de\/wp-content\/uploads\/2023\/02\/waldorfcampus-heilbronn-logo.svg","datePublished":"2025-05-26T08:44:07+00:00","dateModified":"2025-06-29T13:36:39+00:00","breadcrumb":{"@id":"https:\/\/waldorfcampus-hn.de\/beschwerdestelle-barrierefrei\/#breadcrumb"},"inLanguage":"de","potentialAction":[{"@type":"ReadAction","target":["https:\/\/waldorfcampus-hn.de\/beschwerdestelle-barrierefrei\/"]}]},{"@type":"ImageObject","inLanguage":"de","@id":"https:\/\/waldorfcampus-hn.de\/beschwerdestelle-barrierefrei\/#primaryimage","url":"https:\/\/waldorfcampus-hn.de\/wp-content\/uploads\/2023\/02\/waldorfcampus-heilbronn-logo.svg","contentUrl":"https:\/\/waldorfcampus-hn.de\/wp-content\/uploads\/2023\/02\/waldorfcampus-heilbronn-logo.svg"},{"@type":"BreadcrumbList","@id":"https:\/\/waldorfcampus-hn.de\/beschwerdestelle-barrierefrei\/#breadcrumb","itemListElement":[{"@type":"ListItem","position":1,"name":"Startseite","item":"https:\/\/waldorfcampus-hn.de\/"},{"@type":"ListItem","position":2,"name":"Beschwerdestelle barrierefrei"}]},{"@type":"WebSite","@id":"https:\/\/waldorfcampus-hn.de\/#website","url":"https:\/\/waldorfcampus-hn.de\/","name":"Waldorfcampus - Heilbronn","description":"Kindertagesst\u00e4tten in Heilbronn &amp; Lauffen | Freie Waldorfschule Heilbronn mit staatlich anerkanntem Realschulabschlu\u00df und Abitur","potentialAction":[{"@type":"SearchAction","target":{"@type":"EntryPoint","urlTemplate":"https:\/\/waldorfcampus-hn.de\/?s={search_term_string}"},"query-input":{"@type":"PropertyValueSpecification","valueRequired":true,"valueName":"search_term_string"}}],"inLanguage":"de"}]}},"_links":{"self":[{"href":"https:\/\/waldorfcampus-hn.de\/einfach\/wp-json\/wp\/v2\/pages\/6528","targetHints":{"allow":["GET"]}}],"collection":[{"href":"https:\/\/waldorfcampus-hn.de\/einfach\/wp-json\/wp\/v2\/pages"}],"about":[{"href":"https:\/\/waldorfcampus-hn.de\/einfach\/wp-json\/wp\/v2\/types\/page"}],"author":[{"embeddable":true,"href":"https:\/\/waldorfcampus-hn.de\/einfach\/wp-json\/wp\/v2\/users\/1"}],"replies":[{"embeddable":true,"href":"https:\/\/waldorfcampus-hn.de\/einfach\/wp-json\/wp\/v2\/comments?post=6528"}],"version-history":[{"count":16,"href":"https:\/\/waldorfcampus-hn.de\/einfach\/wp-json\/wp\/v2\/pages\/6528\/revisions"}],"predecessor-version":[{"id":6846,"href":"https:\/\/waldorfcampus-hn.de\/einfach\/wp-json\/wp\/v2\/pages\/6528\/revisions\/6846"}],"wp:attachment":[{"href":"https:\/\/waldorfcampus-hn.de\/einfach\/wp-json\/wp\/v2\/media?parent=6528"}],"curies":[{"name":"wp","href":"https:\/\/api.w.org\/{rel}","templated":true}]}}